{"id":644,"date":"2016-03-26T14:40:07","date_gmt":"2016-03-26T12:40:07","guid":{"rendered":"http:\/\/osxadmin.cz\/?page_id=644"},"modified":"2021-01-27T21:57:40","modified_gmt":"2021-01-27T19:57:40","slug":"demo-portfolios","status":"publish","type":"page","link":"https:\/\/macadmin.cz\/?page_id=644","title":{"rendered":"Projekty"},"content":{"rendered":"\n<p>Sv\u00e9 pracovn\u00ed aktivity podrobn\u011bji rozeb\u00edr\u00e1m na jednotliv\u00fdch str\u00e1nk\u00e1ch projekt\u016f. Bodov\u00fd souhrn najdete v sekci <a href=\"https:\/\/macadmin.cz\/\" data-type=\"page\" data-id=\"2\">Profil<\/a>, kter\u00e1 m\u00e1 bl\u00ed\u017ee \u017eivotopisu.<\/p>\n\n\n\n<h2 class=\"wp-block-heading\"><a href=\"https:\/\/macadmin.cz\/?page_id=1039\" data-type=\"page\" data-id=\"1039\">Pr\u00e1ce pro Logicworks<\/a><\/h2>\n\n\n\n<p>V Logicworks se v\u011bnuji p\u0159edev\u0161\u00edm hromadn\u00e9 spr\u00e1v\u011b Apple za\u0159\u00edzen\u00ed. Klient\u016fm pom\u00e1h\u00e1me s implementac\u00ed a spr\u00e1vou MDM \u0159e\u0161en\u00ed VMware Workspace ONE, SimpleMDM a Jamf Pro. Komer\u010dn\u00ed \u0159e\u0161en\u00ed dopl\u0148ujeme open source n\u00e1stroji Munki, MunkiReport, AutoPkg a dal\u0161\u00edmi.<\/p>\n\n\n\n<p>Pro firmu jsem navrh a vybudoval novou intern\u00ed IT infrastrukturu. Od provozu web\u016f s datab\u00e1z\u00ed, p\u0159es dohledov\u00fd syst\u00e9m a\u017e po VPN. Kompletn\u00ed v\u00fd\u010det je velmi obs\u00e1hl\u00fd.<\/p>\n\n\n\n<p>V\u00edce na str\u00e1nce <a href=\"https:\/\/macadmin.cz\/?page_id=1039\" data-type=\"page\" data-id=\"1039\">projektu<\/a>.<\/p>\n\n\n\n<h2 class=\"wp-block-heading\"><a href=\"http:\/\/osxadmin.cz\/?page_id=758\">Spr\u00e1va Apple u\u010debny na FIT \u010cVUT<\/a><\/h2>\n\n\n\n<p><a name=\"applelab\"><\/a>Od roku 2014 disponuje <a href=\"https:\/\/fit.cvut.cz\">Fakulta informa\u010dn\u00edch technologi\u00ed<\/a> \u010cVUT Apple laborato\u0159\u00ed ur\u010denou k v\u00fduce v\u00fdvoje mobiln\u00edch aplikac\u00ed pro iOS. P\u0159\u00edprava a nasazen\u00ed u\u010debny bylo p\u0159edm\u011btem m\u00e9 bakal\u00e1\u0159sk\u00e9 a diplomov\u00e9 pr\u00e1ce. I po zakon\u010den\u00ed studia s FIT nad\u00e1le spolupracuji a o u\u010debnu se star\u00e1m.<\/p>\n\n\n\n<p>Spole\u010dn\u011b s ICT odd\u011blen\u00edm jsme u\u010debnu zapojili do n\u011bkolika fakultn\u00edch syst\u00e9m\u016f v\u010detn\u011b napojen\u00ed na syst\u00e9m instalace u\u010deben, co\u017e umo\u017enilo na Macy snadno nasadit vedle macOS i Windows a Linux. Spr\u00e1va macOS byla postavena na \u0161irok\u00e9 palet\u011b open soruce n\u00e1stroj\u016f, z nich\u017e mnoh\u00e9 vytvo\u0159ila MacSysAdmin komunita. <\/p>\n\n\n\n<p>V\u00edce na str\u00e1nce <a href=\"https:\/\/macadmin.cz\/?page_id=758\" data-type=\"page\" data-id=\"758\">projektu<\/a>.<\/p>\n\n\n\n<h2 class=\"wp-block-heading\"><a href=\"http:\/\/osxadmin.cz\/?page_id=869\">Syst\u00e9m spr\u00e1vy Mac\u016f pro Abuco ICT<\/a><\/h2>\n\n\n\n<p><a name=\"abuco\"><\/a>Mezi klienty firmy <a href=\"http:\/\/www.abuco.cz\">Abuco ICT<\/a> pat\u0159\u00ed i realitn\u00ed kancel\u00e1\u0159 a grafick\u00e9 studio, kde se celkov\u00fd po\u010det Mac\u016f vy\u0161plhal ke dv\u011bma st\u016fm. C\u00edlem na\u0161\u00ed spolupr\u00e1ce bylo vytvo\u0159it centralizovan\u00fd syst\u00e9m spr\u00e1vy umo\u017e\u0148uj\u00edc\u00ed snadn\u00e9 nasazen\u00ed nov\u00fdch po\u010d\u00edta\u010d\u016f, automatizovanou instalaci software v\u010detn\u011b aktualizaci syst\u00e9mu a monitoring Mac\u016f.<\/p>\n\n\n\n<p>Navrhl jsem \u0159e\u0161en\u00ed op\u00edraj\u00edc\u00ed se o server dostupn\u00fd p\u0159es internet, kter\u00fd pou\u017e\u00edv\u00e1me pro oba klienty. <\/p>\n\n\n\n<p>V\u00edce na str\u00e1nce <a href=\"https:\/\/macadmin.cz\/?page_id=869\" data-type=\"page\" data-id=\"869\">projektu<\/a>.<\/p>\n\n\n\n<h2 class=\"wp-block-heading\"><a href=\"https:\/\/macadmin.cz\/?page_id=1055\" data-type=\"page\" data-id=\"1055\">Spolupr\u00e1ce s Quentinem<\/a><\/h2>\n\n\n\n<p><a name=\"quentin\"><\/a>Dva roky jsem <a href=\"https:\/\/macadmin.cz\/\" data-type=\"page\" data-id=\"2\">pracoval<\/a> na prodejn\u011b <a href=\"https:\/\/www.dtpobchod.cz\/apple-a-prislusenstvi_c36035.html\" data-type=\"URL\" data-id=\"https:\/\/www.dtpobchod.cz\/apple-a-prislusenstvi_c36035.html\">Qstore<\/a>, kde jsem pom\u00e1hal u\u017eivatel\u016fm s jejich Macy a iOS za\u0159\u00edzen\u00edmi. N\u00e1sledovala spolupr\u00e1ce s firmou <a href=\"https:\/\/quentin.cz\" data-type=\"URL\" data-id=\"https:\/\/quentin.cz\">Quentin<\/a>, pod kterou byl Qstore provozov\u00e1n.<\/p>\n\n\n\n<p>Quentinu jsem pom\u00e1hal s projekty pro firemn\u00ed z\u00e1kazn\u00edky. Mezi n\u011b pat\u0159ilo nap\u0159\u00edklad n\u011bkolik pra\u017esk\u00fd hotel\u016f, kde jsme nasazovali iPady a AppleTV. Projekt zahrnoval i n\u011bkolik Mac\u016f v roli serveru a \u0161kolen\u00ed u\u017eivatel\u016f. N\u011bkolik firem n\u00e1m poptalo pro asistenci s integrac\u00ed macOS do Active Directory dom\u00e9ny. <\/p>\n\n\n\n<p>V\u00edce na str\u00e1nce <a href=\"https:\/\/macadmin.cz\/?page_id=1055\" data-type=\"page\" data-id=\"1055\">projektu<\/a>.<\/p>\n","protected":false},"excerpt":{"rendered":"<p>Sv\u00e9 pracovn\u00ed aktivity podrobn\u011bji rozeb\u00edr\u00e1m na jednotliv\u00fdch str\u00e1nk\u00e1ch projekt\u016f. Bodov\u00fd souhrn najdete v sekci Profil, kter\u00e1 m\u00e1 bl\u00ed\u017ee \u017eivotopisu. Pr\u00e1ce pro Logicworks V Logicworks se v\u011bnuji p\u0159edev\u0161\u00edm hromadn\u00e9 spr\u00e1v\u011b Apple za\u0159\u00edzen\u00ed. Klient\u016fm pom\u00e1h\u00e1me s implementac\u00ed a spr\u00e1vou MDM \u0159e\u0161en\u00ed VMware Workspace ONE, SimpleMDM a Jamf Pro. Komer\u010dn\u00ed \u0159e\u0161en\u00ed dopl\u0148ujeme open source n\u00e1stroji Munki, MunkiReport, AutoPkg &hellip; <\/p>\n<p class=\"link-more\"><a href=\"https:\/\/macadmin.cz\/?page_id=644\" class=\"more-link\">Continue reading<span class=\"screen-reader-text\"> &#8220;Projekty&#8221;<\/span><\/a><\/p>\n","protected":false},"author":2,"featured_media":0,"parent":0,"menu_order":0,"comment_status":"closed","ping_status":"closed","template":"","meta":{"ngg_post_thumbnail":0,"footnotes":""},"class_list":["post-644","page","type-page","status-publish","hentry"],"_links":{"self":[{"href":"https:\/\/macadmin.cz\/index.php?rest_route=\/wp\/v2\/pages\/644","targetHints":{"allow":["GET"]}}],"collection":[{"href":"https:\/\/macadmin.cz\/index.php?rest_route=\/wp\/v2\/pages"}],"about":[{"href":"https:\/\/macadmin.cz\/index.php?rest_route=\/wp\/v2\/types\/page"}],"author":[{"embeddable":true,"href":"https:\/\/macadmin.cz\/index.php?rest_route=\/wp\/v2\/users\/2"}],"replies":[{"embeddable":true,"href":"https:\/\/macadmin.cz\/index.php?rest_route=%2Fwp%2Fv2%2Fcomments&post=644"}],"version-history":[{"count":28,"href":"https:\/\/macadmin.cz\/index.php?rest_route=\/wp\/v2\/pages\/644\/revisions"}],"predecessor-version":[{"id":1308,"href":"https:\/\/macadmin.cz\/index.php?rest_route=\/wp\/v2\/pages\/644\/revisions\/1308"}],"wp:attachment":[{"href":"https:\/\/macadmin.cz\/index.php?rest_route=%2Fwp%2Fv2%2Fmedia&parent=644"}],"curies":[{"name":"wp","href":"https:\/\/api.w.org\/{rel}","templated":true}]}}